{"id":3,"date":"2023-12-27T17:31:43","date_gmt":"2023-12-27T16:31:43","guid":{"rendered":"https:\/\/www.domainetagana.com\/villa-marrakech\/?page_id=3"},"modified":"2023-12-27T23:57:26","modified_gmt":"2023-12-27T22:57:26","slug":"politique-de-confidentialite","status":"publish","type":"page","link":"https:\/\/www.domainetagana.com\/villa-marrakech\/politique-de-confidentialite\/","title":{"rendered":"Politique de confidentialit\u00e9"},"content":{"rendered":"\t\t<div data-elementor-type=\"wp-page\" data-elementor-id=\"3\" class=\"elementor elementor-3\">\n\t\t\t\t\t\t\t<div class=\"elementor-element elementor-element-658933ce e-flex e-con-boxed e-con e-parent\" data-id=\"658933ce\" data-element_type=\"container\" data-settings=\"{&quot;content_width&quot;:&quot;boxed&quot;}\" data-core-v316-plus=\"true\">\n\t\t\t\t\t<div class=\"e-con-inner\">\n\t\t\t\t<div class=\"elementor-element elementor-element-41fe0004 elementor-widget elementor-widget-text-editor\" data-id=\"41fe0004\" data-element_type=\"widget\" data-widget_type=\"text-editor.default\">\n\t\t\t\t<div class=\"elementor-widget-container\">\n\t\t\t<style>\/*! elementor - v3.18.0 - 20-12-2023 *\/\n.elementor-widget-text-editor.elementor-drop-cap-view-stacked .elementor-drop-cap{background-color:#69727d;color:#fff}.elementor-widget-text-editor.elementor-drop-cap-view-framed .elementor-drop-cap{color:#69727d;border:3px solid;background-color:transparent}.elementor-widget-text-editor:not(.elementor-drop-cap-view-default) .elementor-drop-cap{margin-top:8px}.elementor-widget-text-editor:not(.elementor-drop-cap-view-default) .elementor-drop-cap-letter{width:1em;height:1em}.elementor-widget-text-editor .elementor-drop-cap{float:left;text-align:center;line-height:1;font-size:50px}.elementor-widget-text-editor .elementor-drop-cap-letter{display:inline-block}<\/style>\t\t\t\t<h3>ARTICLE 1 : COLLECTE DE VOS INFORMATIONS\u200b<\/h3>\n<p>Nous recueillons des informations lorsque vous remplissez nos formulaires de contact, de newsletter et lorsque vous r\u00e9servez \/ achetez un de nos services \/ produits.<br \/>Nous pouvons r\u00e9colter les informations suivantes : votre pr\u00e9nom, votre nom, votre adresse e-mail, votre num\u00e9ro de t\u00e9l\u00e9phone, votre adresse et votre localit\u00e9.<\/p>\n<h3>ARTICLE 2 : UTILISATION DE VOS INFORMATIONS<\/h3>\n<p><br \/>Toutes les informations que nous recueillons de votre part peuvent \u00eatre utilis\u00e9es pour :<\/p>\n<ul>\n<li>Vous contacter de mani\u00e8re plus efficace ;<\/li>\n<li>Collecter et \u00e9tablir des statistiques pour am\u00e9liorer nos campagnes marketing et webmarketing ;<\/li>\n<li>Vous envoyez des newsletters dans le cas o\u00f9 vous \u00eates inscrit(e)s \u00e0 celles-ci ;<\/li>\n<li>Personnaliser votre exp\u00e9rience et r\u00e9pondre \u00e0 vos besoins individuels.<\/li>\n<\/ul>\n<h3><br \/>ARTICLE 3 : CONFIDENTIALIT\u00c9 DE VOS DONN\u00c9ES<\/h3>\n<p><br \/>Nous sommes les seuls propri\u00e9taires des informations recueillies sur notre site. Vos informations personnelles ne seront pas vendues, \u00e9chang\u00e9es, transf\u00e9r\u00e9es, ou donn\u00e9es \u00e0 une autre soci\u00e9t\u00e9 pour n\u2019importe quelle raison, sans votre consentement.\u200b<\/p>\n<h3>ARTICLE 4 : DIVULGATION \u00c0 DES TIERS<\/h3>\n<p><br \/>Nous ne vendons, n\u2019\u00e9changeons et ne transf\u00e9rons pas vos informations personnelles identifiables \u00e0 des tiers. Cela ne comprend pas les tierce parties de confiance qui nous aident \u00e0 exploiter notre site web ou \u00e0 mener nos affaires, tant que ces parties conviennent de garder ces informations confidentielles.\u200b<\/p>\n<h3>ARTICLE 5 : PROTECTION DE VOS INFORMATIONS<\/h3>\n<p><br \/>Nous mettons en \u0153uvre une vari\u00e9t\u00e9 de mesures de s\u00e9curit\u00e9 pour pr\u00e9server la s\u00e9curit\u00e9 de vos informations personnelles. Nous utilisons un cryptage \u00e0 la pointe de la technologie pour prot\u00e9ger les informations sensibles transmises en ligne. Notre site internet poss\u00e8de bien entendu un Certificat SSL (Secure Socket Layer).<br \/>Nous prot\u00e9geons \u00e9galement vos informations hors ligne. Seuls les membres autoris\u00e9s de l\u2019entreprise qui ont besoin d\u2019effectuer un travail sp\u00e9cifique (par exemple, la facturation ou le service aux membres) ont acc\u00e8s aux informations personnelles identifiables. Les ordinateurs et serveurs utilis\u00e9s pour stocker des informations personnelles identifiables sont conserv\u00e9s dans un environnement s\u00e9curis\u00e9 par notre h\u00e9bergeur.\u200b<\/p>\n<h3>ARTICLE 6 : COPIE OU SUPPRESSION DE VOS INFORMATIONS<\/h3>\n<p><br \/>Nous stockons les donn\u00e9es transmises via nos diff\u00e9rents formulaires de contact.<br \/>Cependant, vous avez la possibilit\u00e9 de nous contacter par e-mail \u00e0 [domainetagana@gmail.com] ou par t\u00e9l\u00e9phone au [+212524290029] pour toute demande de copie ou de suppression de vos donn\u00e9es personnelles que nous stockons.<\/p>\n<h3>ARTICLE 7 : ENVOI DE NEWSLETTERS<\/h3>\n<p><br \/>Si vous \u00eates concern\u00e9(e)s par l\u2019envoi de notre newsletter, vous pouvez en tout temps vous d\u00e9sabonner de celles-ci via une proposition sur le bas de chaque e-mail.\u200b<\/p>\n<h3>ARTICLE 8 : POLITIQUE DE L\u2019H\u00c9BERGEUR<\/h3>\n<p><br \/>Notre h\u00e9bergeur poss\u00e8de sa propre politique de confidentialit\u00e9 concernant l\u2019utilisation de vos donn\u00e9es que vous pouvez consulter en tout temps [ici : lien de la politique de confidentialit\u00e9 de l\u2019h\u00e9bergeur].\u200b<\/p>\n<h3>ARTICLE 9 : CONSENTEMENT \u00c0 NOTRE POLITIQUE<\/h3>\n<p><br \/>En utilisant notre site, vous consentez \u00e0 notre politique de confidentialit\u00e9 et que celle-ci puisse \u00eatre modifi\u00e9e en tout temps par l\u2019\u00e9diteur<\/p>\t\t\t\t\t\t<\/div>\n\t\t\t\t<\/div>\n\t\t\t\t\t<\/div>\n\t\t\t\t<\/div>\n\t\t\t\t\t\t\t<\/div>\n\t\t","protected":false},"excerpt":{"rendered":"<p>ARTICLE 1 : COLLECTE DE VOS INFORMATIONS\u200b Nous recueillons des informations lorsque [&hellip;]<\/p>\n","protected":false},"author":1,"featured_media":0,"parent":0,"menu_order":0,"comment_status":"closed","ping_status":"open","template":"","meta":{"footnotes":""},"class_list":["post-3","page","type-page","status-publish","hentry"],"_links":{"self":[{"href":"https:\/\/www.domainetagana.com\/villa-marrakech\/wp-json\/wp\/v2\/pages\/3","targetHints":{"allow":["GET"]}}],"collection":[{"href":"https:\/\/www.domainetagana.com\/villa-marrakech\/wp-json\/wp\/v2\/pages"}],"about":[{"href":"https:\/\/www.domainetagana.com\/villa-marrakech\/wp-json\/wp\/v2\/types\/page"}],"author":[{"embeddable":true,"href":"https:\/\/www.domainetagana.com\/villa-marrakech\/wp-json\/wp\/v2\/users\/1"}],"replies":[{"embeddable":true,"href":"https:\/\/www.domainetagana.com\/villa-marrakech\/wp-json\/wp\/v2\/comments?post=3"}],"version-history":[{"count":10,"href":"https:\/\/www.domainetagana.com\/villa-marrakech\/wp-json\/wp\/v2\/pages\/3\/revisions"}],"predecessor-version":[{"id":192,"href":"https:\/\/www.domainetagana.com\/villa-marrakech\/wp-json\/wp\/v2\/pages\/3\/revisions\/192"}],"wp:attachment":[{"href":"https:\/\/www.domainetagana.com\/villa-marrakech\/wp-json\/wp\/v2\/media?parent=3"}],"curies":[{"name":"wp","href":"https:\/\/api.w.org\/{rel}","templated":true}]}}